{"id":4759,"date":"2024-11-28T13:35:18","date_gmt":"2024-11-28T12:35:18","guid":{"rendered":"https:\/\/konkursi-dev.belit.co.rs\/?page_id=4759"},"modified":"2024-11-29T10:24:10","modified_gmt":"2024-11-29T09:24:10","slug":"uslovi-koriscenja","status":"publish","type":"page","link":"https:\/\/konkursimkm.gov.me\/default\/uslovi-koriscenja\/","title":{"rendered":"Uslovi kori\u0161\u0107enja"},"content":{"rendered":"<p><!-- PUT HERE AS MANNY PATTERNS AS YOU WANT --><\/p>\n\n\n<h2 class=\"wp-block-heading\"><strong>Registracija naloga<\/strong><\/h2>\n\n\n\n<p class=\"wp-block-paragraph\">Dobrodo\u0161li na portal <strong>\u201eKonkursi Ministarstva kulture i medija\u201d<\/strong> (u daljem tekstu \u201ePortal\u201d). Registracijom na ovaj Portal, korisnici sti\u010du pravo na pristup i kori\u0161\u0107enje funkcionalnosti vezanih za prijavu na javne pozive i konkurse koje organizuje Ministarstvo kulture i medija.<\/p>\n\n\n\n<p class=\"wp-block-paragraph\">Po uspje\u0161noj registraciji, korisnik \u0107e dobiti e-mail sa linkom za verifikaciju naloga. Va\u017eno je da navedete validnu e-mail adresu kako biste pravovremeno primali obavje\u0161tenja o statusu prijava i drugim relevantnim informacijama.<\/p>\n\n\n\n<h2 class=\"wp-block-heading\"><strong>Politika privatnosti\u202fza kori\u0161\u0107enje portala<\/strong><\/h2>\n\n\n\n<h3 class=\"wp-block-heading\"><strong>Koje podatke prikupljamo<\/strong><\/h3>\n\n\n\n<p class=\"wp-block-paragraph\">Na\u0161 Portal mo\u017ee prikupljati sljede\u0107e li\u010dne podatke putem formi:<\/p>\n\n\n\n<ul class=\"wp-block-list\">\n<li>Ime i prezime<\/li>\n\n\n\n<li>Email adresu<\/li>\n\n\n\n<li>Broj telefona<\/li>\n\n\n\n<li>Podatke koji \u010dine sastavni dio formi za prijavu na konkurse i javne pozive na ovom portalu<\/li>\n\n\n\n<li>Ostale podatke koje sami dobrovoljno pru\u017eite<\/li>\n<\/ul>\n\n\n\n<h3 class=\"wp-block-heading\"><strong>Svrha prikupljanja podataka<\/strong><\/h3>\n\n\n\n<p class=\"wp-block-paragraph\">Prikupljeni podaci se koriste za:<\/p>\n\n\n\n<ul class=\"wp-block-list\">\n<li>Kreiranje korisni\u010dkih naloga<\/li>\n\n\n\n<li>Upravljanje prijavama na konkurse<\/li>\n\n\n\n<li>Kontaktiranje i obavje\u0161tavanje o statusu prijave<\/li>\n\n\n\n<li>Izradu ugovora o dodjeli sredstava i njihovih aneksa, odluka o dodjeli sredstava i druge dokumentacije vezane za kori\u0161\u0107enje bud\u017eetskih sredstava namijenjenih za konkurse i javne pozive<\/li>\n\n\n\n<li>Izvje\u0161tavanje nadle\u017enog ministarstva o utro\u0161enim bud\u017eetskim sredstvima u svrhe sprovedenih konkursa, poslovne statistike nadle\u017enog ministarstva<\/li>\n<\/ul>\n\n\n\n<h3 class=\"wp-block-heading\"><strong>Dijeljenje podataka<\/strong><\/h3>\n\n\n\n<p class=\"wp-block-paragraph\">Va\u0161i podaci se ne\u0107e prodavati, iznajmljivati ili ustupati tre\u0107im stranama bez va\u0161eg pristanka, osim u slu\u010dajevima kada je to zakonom obavezno.<\/p>\n\n\n\n<h3 class=\"wp-block-heading\"><strong>Kola\u010di\u0107i i tehnologije pra\u0107enja<\/strong><\/h3>\n\n\n\n<p class=\"wp-block-paragraph\">Na\u0161 sajt mo\u017ee koristiti kola\u010di\u0107e i sli\u010dne tehnologije radi pobolj\u0161anja Va\u0161eg korisni\u010dkog iskustva i pra\u0107enja aktivnosti na sajtu. Mo\u017eete upravljati postavkama kola\u010di\u0107a putem pode\u0161avanja u Va\u0161em pretra\u017eiva\u010du.<\/p>\n\n\n\n<h3 class=\"wp-block-heading\"><strong>Prava korisnika<\/strong><\/h3>\n\n\n\n<p class=\"wp-block-paragraph\">Mo\u017eete nam se obratiti ukoliko imate bilo kakvih pitanja ili nedoumica u vezi sa politikom privatnosti ili obradom Va\u0161ih podataka.<\/p>\n\n\n\n<h3 class=\"wp-block-heading\"><strong>Kontakt informacije<\/strong><\/h3>\n\n\n\n<p class=\"wp-block-paragraph\">Ukoliko imate dodatna pitanja ili komentare u vezi sa na\u0161om politikom privatnosti, mo\u017eete nas kontaktirati putem sljede\u0107ih informacija:<\/p>\n\n\n\n<ul class=\"wp-block-list\">\n<li>Email: kabinet.kultura@mku.gov.me<\/li>\n\n\n\n<li>Telefon: +382 41 232 571<\/li>\n<\/ul>\n\n\n\n<h3 class=\"wp-block-heading\"><strong>Odricanje od odgovornosti<\/strong><\/h3>\n\n\n\n<p class=\"wp-block-paragraph\">Ministarstva u Vladi, kao i ostali organi uprave zadu\u017eena su za objavljivanje informacija iz svoje nadle\u017enosti i odgovorna su za ta\u010dnost i a\u017eurnost objavljenog sadr\u017eaja.<\/p>\n\n\n\n<p class=\"wp-block-paragraph\">Vlada Crne Gore, shodno va\u017ee\u0107im zakonskim propisima, ne\u0107e snositi odgovornost za eventualnu \u0161tetu koja nastane zloupotrebom objavljenog sadr\u017eaja, kao ni odgovornost za sadr\u017eaj koji izvorno nije u nadle\u017enosti Vlade Crne Gore.<\/p>\n\n\n\n<p class=\"wp-block-paragraph\">Ministarstvo javne uprave, koje upravlja tehni\u010dkom platformom Portala, odri\u010de se odgovornosti vezane za ta\u010dnost i a\u017eurnost informacija koje se prezentuju na svim stranicama osim stranica iz svoje nadle\u017enosti.<\/p>\n\n\n\n<p class=\"wp-block-paragraph\">Ministarstvo javne uprave, preduzima sve mjere kako bi se otklonila tehni\u010dka ograni\u010denja ili eventualne gre\u0161ke na tehni\u010dkom nivou.<\/p>\n\n\n\n<div style=\"height:50px\" aria-hidden=\"true\" class=\"wp-block-spacer\"><\/div>\n","protected":false},"excerpt":{"rendered":"<p>Registracija naloga Dobrodo\u0161li na portal \u201eKonkursi Ministarstva kulture i medija\u201d (u daljem tekstu \u201ePortal\u201d). Registracijom na ovaj Portal, korisnici sti\u010du pravo na pristup i kori\u0161\u0107enje funkcionalnosti vezanih za prijavu na javne pozive i konkurse koje organizuje Ministarstvo kulture i medija. Po uspje\u0161noj registraciji, korisnik \u0107e dobiti e-mail sa linkom za verifikaciju naloga. Va\u017eno je da [&hellip;]<\/p>\n","protected":false},"author":1,"featured_media":0,"parent":0,"menu_order":0,"comment_status":"closed","ping_status":"closed","template":"","meta":{"_acf_changed":false,"_crdt_document":"","footnotes":""},"class_list":["post-4759","page","type-page","status-publish","hentry"],"acf":[],"_links":{"self":[{"href":"https:\/\/konkursimkm.gov.me\/default\/wp-json\/wp\/v2\/pages\/4759","targetHints":{"allow":["GET"]}}],"collection":[{"href":"https:\/\/konkursimkm.gov.me\/default\/wp-json\/wp\/v2\/pages"}],"about":[{"href":"https:\/\/konkursimkm.gov.me\/default\/wp-json\/wp\/v2\/types\/page"}],"author":[{"embeddable":true,"href":"https:\/\/konkursimkm.gov.me\/default\/wp-json\/wp\/v2\/users\/1"}],"replies":[{"embeddable":true,"href":"https:\/\/konkursimkm.gov.me\/default\/wp-json\/wp\/v2\/comments?post=4759"}],"version-history":[{"count":5,"href":"https:\/\/konkursimkm.gov.me\/default\/wp-json\/wp\/v2\/pages\/4759\/revisions"}],"predecessor-version":[{"id":4791,"href":"https:\/\/konkursimkm.gov.me\/default\/wp-json\/wp\/v2\/pages\/4759\/revisions\/4791"}],"wp:attachment":[{"href":"https:\/\/konkursimkm.gov.me\/default\/wp-json\/wp\/v2\/media?parent=4759"}],"curies":[{"name":"wp","href":"https:\/\/api.w.org\/{rel}","templated":true}]}}